{"id":11905,"date":"2024-07-19T08:42:36","date_gmt":"2024-07-19T13:42:36","guid":{"rendered":"https:\/\/padovainfoto.it\/?page_id=11905"},"modified":"2024-07-30T15:50:08","modified_gmt":"2024-07-30T20:50:08","slug":"palazzo-del-capitanio-2","status":"publish","type":"page","link":"https:\/\/padovainfoto.it\/index.php\/palazzo-del-capitanio-2\/","title":{"rendered":"Torre dell&#8217;Orologio"},"content":{"rendered":"\t\t<div data-elementor-type=\"wp-page\" data-elementor-id=\"11905\" class=\"elementor elementor-11905\">\n\t\t\t\t\t\t<section class=\"elementor-section elementor-top-section elementor-element elementor-element-7d26b73 elementor-section-boxed elementor-section-height-default elementor-section-height-default\" data-id=\"7d26b73\" data-element_type=\"section\">\n\t\t\t\t\t\t<div class=\"elementor-container elementor-column-gap-default\">\n\t\t\t\t\t<div class=\"elementor-column elementor-col-50 elementor-top-column elementor-element elementor-element-c28b6c7\" data-id=\"c28b6c7\" data-element_type=\"column\">\n\t\t\t<div class=\"elementor-widget-wrap elementor-element-populated\">\n\t\t\t\t\t\t<div class=\"elementor-element elementor-element-e07fc53 elementor-widget__width-initial elementor-widget elementor-widget-image\" data-id=\"e07fc53\" data-element_type=\"widget\" data-widget_type=\"image.default\">\n\t\t\t\t<div class=\"elementor-widget-container\">\n\t\t\t\t\t\t\t\t\t\t\t\t\t<img fetchpriority=\"high\" decoding=\"async\" width=\"715\" height=\"894\" src=\"https:\/\/padovainfoto.it\/wp-content\/uploads\/Chiara-Tatina-chiaratatina-Torre-dellOrologio-1-819x1024.jpg\" class=\"attachment-large size-large wp-image-11907\" alt=\"\" srcset=\"https:\/\/padovainfoto.it\/wp-content\/uploads\/Chiara-Tatina-chiaratatina-Torre-dellOrologio-1-819x1024.jpg 819w, https:\/\/padovainfoto.it\/wp-content\/uploads\/Chiara-Tatina-chiaratatina-Torre-dellOrologio-1-240x300.jpg 240w, https:\/\/padovainfoto.it\/wp-content\/uploads\/Chiara-Tatina-chiaratatina-Torre-dellOrologio-1-768x960.jpg 768w, https:\/\/padovainfoto.it\/wp-content\/uploads\/Chiara-Tatina-chiaratatina-Torre-dellOrologio-1-1229x1536.jpg 1229w, https:\/\/padovainfoto.it\/wp-content\/uploads\/Chiara-Tatina-chiaratatina-Torre-dellOrologio-1.jpg 1440w\" sizes=\"(max-width: 715px) 100vw, 715px\" \/>\t\t\t\t\t\t\t\t\t\t\t\t\t<\/div>\n\t\t\t\t<\/div>\n\t\t\t\t\t<\/div>\n\t\t<\/div>\n\t\t\t\t<div class=\"elementor-column elementor-col-50 elementor-top-column elementor-element elementor-element-0010c01\" data-id=\"0010c01\" data-element_type=\"column\">\n\t\t\t<div class=\"elementor-widget-wrap elementor-element-populated\">\n\t\t\t\t\t\t<div class=\"elementor-element elementor-element-e7da2f2 elementor-widget elementor-widget-text-editor\" data-id=\"e7da2f2\" data-element_type=\"widget\" data-widget_type=\"text-editor.default\">\n\t\t\t\t<div class=\"elementor-widget-container\">\n\t\t\t\t\t\t\t<p><strong>La Torre dell\u2019Orologio rappresenta uno dei simboli pi\u00f9 antichi dell\u2019epoca Carrarese in Padova. Si erge tra il Palazzo del Capitanio (sinistra) e il Palazzo dei Camerlenghi (destra), ex Reggia dei Carraresi. La costruzione risale alla prima met\u00e0 del Trecento, quando fungeva da ingresso fortificato di levante della Reggia Carrarese ma il suo aspetto attuale si deve ai lavori promossi a partire dal 1426 dal Capitanio Bartolomeo Morosini\u00a0 conclusi con l&#8217;inaugurazione dell&#8217;orologio nella festa di Sant&#8217;Antonio del 1437.<\/strong><\/p><p><strong>Alta 30 metri dal livello stradale, \u00e8 sormontata da un tamburo ottagonale che sorregge una cupola rivestita in lastre di piombo. <\/strong><strong>Dispone di 5 piani interni, di cui i primi 3 destinati a contenere le parti del meccanismo dell&#8217;orologio, gli altri 2 erano la residenza del maestro orologiaio, custode e manutentore. Il grande Orologio che vediamo oggi, uno dei primi realizzati in Italia, \u00e8 la riproduzione di quello inventato nel \u2018300 dal medico e astronomo Iacopo Dondi, distrutto nel 1390 da incendi e vicende belliche da parte dei veneziani. Disegnato dal maestro orologiaio Matteo Novello, fu ricostruito fedelmente nel 1437 dai vicentini Giovanni e Giampietro delle Caldiere, mentre le decorazioni sul quadrante sono opera di Giorgio da Treviso. <\/strong><\/p><p><strong>Ha la popolarit\u00e0 di segnare non solo le ore e i minuti, ma anche il mese, il giorno e le fasi della luna e persino il luogo Astrologico. Al tempo la costruzione e il funzionamento di un orologio erano basati sul calcolo dei pesi che venivano applicati ad un sistema e i suoi ingranaggi meriterebbero di essere visti ed ammirati per prendere coscienza dell\u2019importanza della storia della tecnologia. <\/strong><\/p>\t\t\t\t\t\t<\/div>\n\t\t\t\t<\/div>\n\t\t\t\t\t<\/div>\n\t\t<\/div>\n\t\t\t\t\t<\/div>\n\t\t<\/section>\n\t\t\t\t<section class=\"elementor-section elementor-top-section elementor-element elementor-element-64378f8 elementor-section-boxed elementor-section-height-default elementor-section-height-default\" data-id=\"64378f8\" data-element_type=\"section\">\n\t\t\t\t\t\t<div class=\"elementor-container elementor-column-gap-default\">\n\t\t\t\t\t<div class=\"elementor-column elementor-col-100 elementor-top-column elementor-element elementor-element-edba904\" data-id=\"edba904\" data-element_type=\"column\">\n\t\t\t<div class=\"elementor-widget-wrap elementor-element-populated\">\n\t\t\t\t\t\t<div class=\"elementor-element elementor-element-6ec6c70 elementor-widget elementor-widget-text-editor\" data-id=\"6ec6c70\" data-element_type=\"widget\" data-widget_type=\"text-editor.default\">\n\t\t\t\t<div class=\"elementor-widget-container\">\n\t\t\t\t\t\t\t<p><strong>L\u2019orologio rappresenta la teoria astronomica tolemaica di un sistema geocentrico che poneva la Terra al centro dell\u2019universo. Il movimenta a gabbia \u00e8 dotato di due \u201ctreni\u201d: il treno del tempo e quello del suono della campana. Il quadrante ha una forma circolare: sulla fascia esterna \u00e8 incisa la numerazione delle ore con caratteri romani, la fascia interna, in lastre di piombo, riporta le stelle di rame. La terza fascia, invece contiene i simboli zodiacali a rilievo. <\/strong><\/p><p><strong>Tra i segni dello Zodiaco posti sul monumentale quadrante, manca il segno della Bilancia. Tale mancanza deriva dal fatto che i segni rappresentati si rifanno al sistema zodiacale pre-romano nel quale le costellazioni dello Scorpione e della Bilancia erano unite in una sola (che occupava quindi un maggior spazio nella fascia zodiacale).\u00a0<\/strong><strong>Anche se alcune leggende raccontano che si tratta di un errore degli astrologi e astronomi che progettarono l\u2019orologio, o di una ritorsione dell\u2019autore verso il committente per una mancata ricompensa. Tuttavia il simbolo della Bilancia \u00e8 stato posizionato nel basamento di marmo che regge il pennone vicino alla torre. Non \u00e8 visibile a colpo d&#8217;occhio perch\u00e9 dello stesso colore del basamento.<\/strong><\/p><p><strong>I segni zodiacali sono tutti rifiniti con foglia d\u2019oro, sul quadrante nella parte centrale troviamo la Terra e subito l\u00ec accanto la Luna, pi\u00f9 piccola e di aspetto diverso ogni giorno, visto che si muove compiendo un giro completo ogni 29,5 giorni. All\u2019interno troviamo il Sole, le Stelle e delle linee che percorrono il cerchio da una parte all\u2019altra, con simboli geometrici come quadrati e triangoli. Sono le congiunzioni planetarie, le opposizioni, i trini e quanto altro l\u2019astrologia di allora prevedeva come fondamentale per poter stendere l\u2019oroscopo.\u00a0<\/strong><\/p><p><strong>Tutto intorno un settore circolare con i mesi scritti in latino e adiacente un ulteriore settore diviso in 12 riquadri, quante sono le costellazioni: le antichissime \u2018forme\u2019 ispirate agli animali in cui gli antichi avevano raggruppato i principali ammassi di stelle visibili. Vediamo cos\u00ec un Toro in corrispondenza del mese di maggio, un Leone in agosto, la Vergine a settembre ecc&#8230; fino all\u2019ultimo quello dello scorpione che occupa due riquadri.\u00a0<\/strong><strong>Infine, nel penultimo settore verso l\u2019esterno ci sono le stelle fisse, che secondo le antiche teorie non mutavano mai aspetto e posizione nel cielo e ci appaiono quindi come un manto stellato che avvolge l\u2019intero quadrante.<\/strong><\/p><p><strong>Questo splendido orologio, ancora oggi \u00e8 perfettamente funzionante. <\/strong><\/p>\t\t\t\t\t\t<\/div>\n\t\t\t\t<\/div>\n\t\t\t\t\t<\/div>\n\t\t<\/div>\n\t\t\t\t\t<\/div>\n\t\t<\/section>\n\t\t\t\t<section class=\"elementor-section elementor-top-section elementor-element elementor-element-3fc3344 elementor-section-boxed elementor-section-height-default elementor-section-height-default\" data-id=\"3fc3344\" data-element_type=\"section\">\n\t\t\t\t\t\t<div class=\"elementor-container elementor-column-gap-default\">\n\t\t\t\t\t<div class=\"elementor-column elementor-col-25 elementor-top-column elementor-element elementor-element-42dd631\" data-id=\"42dd631\" data-element_type=\"column\">\n\t\t\t<div class=\"elementor-widget-wrap elementor-element-populated\">\n\t\t\t\t\t\t<div class=\"elementor-element elementor-element-c536a8c elementor-widget elementor-widget-image\" data-id=\"c536a8c\" data-element_type=\"widget\" data-widget_type=\"image.default\">\n\t\t\t\t<div class=\"elementor-widget-container\">\n\t\t\t\t\t\t\t\t\t\t\t\t\t<img decoding=\"async\" width=\"715\" height=\"715\" src=\"https:\/\/padovainfoto.it\/wp-content\/uploads\/Giuseppe-Zaccardi-giuseppe_zaccardi_ph-Palazzo-del-Capitanio-Orologio-1024x1024.jpg\" class=\"attachment-large size-large wp-image-12019\" alt=\"\" srcset=\"https:\/\/padovainfoto.it\/wp-content\/uploads\/Giuseppe-Zaccardi-giuseppe_zaccardi_ph-Palazzo-del-Capitanio-Orologio-1024x1024.jpg 1024w, https:\/\/padovainfoto.it\/wp-content\/uploads\/Giuseppe-Zaccardi-giuseppe_zaccardi_ph-Palazzo-del-Capitanio-Orologio-300x300.jpg 300w, https:\/\/padovainfoto.it\/wp-content\/uploads\/Giuseppe-Zaccardi-giuseppe_zaccardi_ph-Palazzo-del-Capitanio-Orologio-150x150.jpg 150w, https:\/\/padovainfoto.it\/wp-content\/uploads\/Giuseppe-Zaccardi-giuseppe_zaccardi_ph-Palazzo-del-Capitanio-Orologio-768x768.jpg 768w, https:\/\/padovainfoto.it\/wp-content\/uploads\/Giuseppe-Zaccardi-giuseppe_zaccardi_ph-Palazzo-del-Capitanio-Orologio-215x215.jpg 215w, https:\/\/padovainfoto.it\/wp-content\/uploads\/Giuseppe-Zaccardi-giuseppe_zaccardi_ph-Palazzo-del-Capitanio-Orologio.jpg 1080w\" sizes=\"(max-width: 715px) 100vw, 715px\" \/>\t\t\t\t\t\t\t\t\t\t\t\t\t<\/div>\n\t\t\t\t<\/div>\n\t\t\t\t\t<\/div>\n\t\t<\/div>\n\t\t\t\t<div class=\"elementor-column elementor-col-25 elementor-top-column elementor-element elementor-element-17b7f76\" data-id=\"17b7f76\" data-element_type=\"column\">\n\t\t\t<div class=\"elementor-widget-wrap elementor-element-populated\">\n\t\t\t\t\t\t<div class=\"elementor-element elementor-element-657bf14 elementor-widget elementor-widget-image\" data-id=\"657bf14\" data-element_type=\"widget\" data-widget_type=\"image.default\">\n\t\t\t\t<div class=\"elementor-widget-container\">\n\t\t\t\t\t\t\t\t\t\t\t\t\t<img decoding=\"async\" width=\"715\" height=\"762\" src=\"https:\/\/padovainfoto.it\/wp-content\/uploads\/Linda-Holtz-Pye-pye.linda-Torre-dellOrologio-2-961x1024.jpg\" class=\"attachment-large size-large wp-image-12021\" alt=\"\" srcset=\"https:\/\/padovainfoto.it\/wp-content\/uploads\/Linda-Holtz-Pye-pye.linda-Torre-dellOrologio-2-961x1024.jpg 961w, https:\/\/padovainfoto.it\/wp-content\/uploads\/Linda-Holtz-Pye-pye.linda-Torre-dellOrologio-2-282x300.jpg 282w, https:\/\/padovainfoto.it\/wp-content\/uploads\/Linda-Holtz-Pye-pye.linda-Torre-dellOrologio-2-768x818.jpg 768w, https:\/\/padovainfoto.it\/wp-content\/uploads\/Linda-Holtz-Pye-pye.linda-Torre-dellOrologio-2.jpg 1440w\" sizes=\"(max-width: 715px) 100vw, 715px\" \/>\t\t\t\t\t\t\t\t\t\t\t\t\t<\/div>\n\t\t\t\t<\/div>\n\t\t\t\t\t<\/div>\n\t\t<\/div>\n\t\t\t\t<div class=\"elementor-column elementor-col-25 elementor-top-column elementor-element elementor-element-292e6ac\" data-id=\"292e6ac\" data-element_type=\"column\">\n\t\t\t<div class=\"elementor-widget-wrap elementor-element-populated\">\n\t\t\t\t\t\t<div class=\"elementor-element elementor-element-a19bd47 elementor-widget elementor-widget-image\" data-id=\"a19bd47\" data-element_type=\"widget\" data-widget_type=\"image.default\">\n\t\t\t\t<div class=\"elementor-widget-container\">\n\t\t\t\t\t\t\t\t\t\t\t\t\t<img loading=\"lazy\" decoding=\"async\" width=\"715\" height=\"762\" src=\"https:\/\/padovainfoto.it\/wp-content\/uploads\/Linda-Holtz-Pye-pye.linda-Torre-dellOrologio-5-961x1024.jpg\" class=\"attachment-large size-large wp-image-12022\" alt=\"\" srcset=\"https:\/\/padovainfoto.it\/wp-content\/uploads\/Linda-Holtz-Pye-pye.linda-Torre-dellOrologio-5-961x1024.jpg 961w, https:\/\/padovainfoto.it\/wp-content\/uploads\/Linda-Holtz-Pye-pye.linda-Torre-dellOrologio-5-282x300.jpg 282w, https:\/\/padovainfoto.it\/wp-content\/uploads\/Linda-Holtz-Pye-pye.linda-Torre-dellOrologio-5-768x818.jpg 768w, https:\/\/padovainfoto.it\/wp-content\/uploads\/Linda-Holtz-Pye-pye.linda-Torre-dellOrologio-5.jpg 1440w\" sizes=\"(max-width: 715px) 100vw, 715px\" \/>\t\t\t\t\t\t\t\t\t\t\t\t\t<\/div>\n\t\t\t\t<\/div>\n\t\t\t\t\t<\/div>\n\t\t<\/div>\n\t\t\t\t<div class=\"elementor-column elementor-col-25 elementor-top-column elementor-element elementor-element-d711565\" data-id=\"d711565\" data-element_type=\"column\">\n\t\t\t<div class=\"elementor-widget-wrap elementor-element-populated\">\n\t\t\t\t\t\t<div class=\"elementor-element elementor-element-97e7fda elementor-widget elementor-widget-image\" data-id=\"97e7fda\" data-element_type=\"widget\" data-widget_type=\"image.default\">\n\t\t\t\t<div class=\"elementor-widget-container\">\n\t\t\t\t\t\t\t\t\t\t\t\t\t<img loading=\"lazy\" decoding=\"async\" width=\"715\" height=\"894\" src=\"https:\/\/padovainfoto.it\/wp-content\/uploads\/453071629_896271159196373_539535711071244581_n-819x1024.jpg\" class=\"attachment-large size-large wp-image-12023\" alt=\"\" srcset=\"https:\/\/padovainfoto.it\/wp-content\/uploads\/453071629_896271159196373_539535711071244581_n-819x1024.jpg 819w, https:\/\/padovainfoto.it\/wp-content\/uploads\/453071629_896271159196373_539535711071244581_n-240x300.jpg 240w, https:\/\/padovainfoto.it\/wp-content\/uploads\/453071629_896271159196373_539535711071244581_n-768x960.jpg 768w, https:\/\/padovainfoto.it\/wp-content\/uploads\/453071629_896271159196373_539535711071244581_n.jpg 1076w\" sizes=\"(max-width: 715px) 100vw, 715px\" \/>\t\t\t\t\t\t\t\t\t\t\t\t\t<\/div>\n\t\t\t\t<\/div>\n\t\t\t\t\t<\/div>\n\t\t<\/div>\n\t\t\t\t\t<\/div>\n\t\t<\/section>\n\t\t\t\t<section class=\"elementor-section elementor-top-section elementor-element elementor-element-d444988 elementor-section-boxed elementor-section-height-default elementor-section-height-default\" data-id=\"d444988\" data-element_type=\"section\">\n\t\t\t\t\t\t<div class=\"elementor-container elementor-column-gap-default\">\n\t\t\t\t\t<div class=\"elementor-column elementor-col-100 elementor-top-column elementor-element elementor-element-181b5cd\" data-id=\"181b5cd\" data-element_type=\"column\">\n\t\t\t<div class=\"elementor-widget-wrap elementor-element-populated\">\n\t\t\t\t\t\t<div class=\"elementor-element elementor-element-316138d elementor-widget elementor-widget-text-editor\" data-id=\"316138d\" data-element_type=\"widget\" data-widget_type=\"text-editor.default\">\n\t\t\t\t<div class=\"elementor-widget-container\">\n\t\t\t\t\t\t\t<p><strong>Nel 1531 venne aggiunto il grande Arco Trionfale alla base della torre dell\u2019orologio, su progetto di Giovanni Maria Falconetto, serviva per collegare<\/strong><strong> Piazza dei Signori alla Corte Capitanio.\u00a0<\/strong><strong>Realizzato in pietra d\u2019Istria, presenta quattro colonne doriche binate collocate su di un alto basamento, mentre ai lati del fornice si notano due Vittorie Alate. Nella parte alta troviamo il Leone di San Marco che <\/strong><strong>richiama la memoria alla Serenissima, e nelle nicchie due figure virili recanti gli stemmi del podest\u00e0 Giovanni Badoer e del Capitanio Giovanni Moro. <\/strong><strong>Sul fianco dell&#8217;arco alcuni iscrizioni ricordano Vitale Lando e lo stesso Giovanni Maria Falconetto (IO.annes MA.ria FALCONETVS VERONENSIS ARCHITETVS F.ecit).<\/strong><\/p>\t\t\t\t\t\t<\/div>\n\t\t\t\t<\/div>\n\t\t\t\t\t<\/div>\n\t\t<\/div>\n\t\t\t\t\t<\/div>\n\t\t<\/section>\n\t\t\t\t<section class=\"elementor-section elementor-top-section elementor-element elementor-element-7ca7a61 elementor-section-boxed elementor-section-height-default elementor-section-height-default\" data-id=\"7ca7a61\" data-element_type=\"section\">\n\t\t\t\t\t\t<div class=\"elementor-container elementor-column-gap-default\">\n\t\t\t\t\t<div class=\"elementor-column elementor-col-100 elementor-top-column elementor-element elementor-element-63a7a5a\" data-id=\"63a7a5a\" data-element_type=\"column\">\n\t\t\t<div class=\"elementor-widget-wrap elementor-element-populated\">\n\t\t\t\t\t\t<div class=\"elementor-element elementor-element-fef1bed elementor-widget elementor-widget-heading\" data-id=\"fef1bed\" data-element_type=\"widget\" data-widget_type=\"heading.default\">\n\t\t\t\t<div class=\"elementor-widget-container\">\n\t\t\t<h2 class=\"elementor-heading-title elementor-size-default\">Senatus Venetus Andrea Gritti Principe<\/h2>\t\t<\/div>\n\t\t\t\t<\/div>\n\t\t\t\t\t<\/div>\n\t\t<\/div>\n\t\t\t\t\t<\/div>\n\t\t<\/section>\n\t\t\t\t<section class=\"elementor-section elementor-top-section elementor-element elementor-element-5fe7eca elementor-section-boxed elementor-section-height-default elementor-section-height-default\" data-id=\"5fe7eca\" data-element_type=\"section\">\n\t\t\t\t\t\t<div class=\"elementor-container elementor-column-gap-default\">\n\t\t\t\t\t<div class=\"elementor-column elementor-col-50 elementor-top-column elementor-element elementor-element-9237566\" data-id=\"9237566\" data-element_type=\"column\">\n\t\t\t<div class=\"elementor-widget-wrap elementor-element-populated\">\n\t\t\t\t\t\t<div class=\"elementor-element elementor-element-23d785c elementor-widget elementor-widget-image\" data-id=\"23d785c\" data-element_type=\"widget\" data-widget_type=\"image.default\">\n\t\t\t\t<div class=\"elementor-widget-container\">\n\t\t\t\t\t\t\t\t\t\t\t\t\t<img loading=\"lazy\" decoding=\"async\" width=\"715\" height=\"880\" src=\"https:\/\/padovainfoto.it\/wp-content\/uploads\/Antonella-Pietrogrande-antonellapietrogrande-Palazzo-de-Capitanio-Torre-dellOrologio-2-832x1024.jpg\" class=\"attachment-large size-large wp-image-12042\" alt=\"\" srcset=\"https:\/\/padovainfoto.it\/wp-content\/uploads\/Antonella-Pietrogrande-antonellapietrogrande-Palazzo-de-Capitanio-Torre-dellOrologio-2-832x1024.jpg 832w, https:\/\/padovainfoto.it\/wp-content\/uploads\/Antonella-Pietrogrande-antonellapietrogrande-Palazzo-de-Capitanio-Torre-dellOrologio-2-244x300.jpg 244w, https:\/\/padovainfoto.it\/wp-content\/uploads\/Antonella-Pietrogrande-antonellapietrogrande-Palazzo-de-Capitanio-Torre-dellOrologio-2-768x946.jpg 768w, https:\/\/padovainfoto.it\/wp-content\/uploads\/Antonella-Pietrogrande-antonellapietrogrande-Palazzo-de-Capitanio-Torre-dellOrologio-2.jpg 1080w\" sizes=\"(max-width: 715px) 100vw, 715px\" \/>\t\t\t\t\t\t\t\t\t\t\t\t\t<\/div>\n\t\t\t\t<\/div>\n\t\t\t\t\t<\/div>\n\t\t<\/div>\n\t\t\t\t<div class=\"elementor-column elementor-col-50 elementor-top-column elementor-element elementor-element-fad58b3\" data-id=\"fad58b3\" data-element_type=\"column\">\n\t\t\t<div class=\"elementor-widget-wrap elementor-element-populated\">\n\t\t\t\t\t\t<div class=\"elementor-element elementor-element-dd000e3 elementor-widget__width-initial elementor-widget elementor-widget-text-editor\" data-id=\"dd000e3\" data-element_type=\"widget\" data-widget_type=\"text-editor.default\">\n\t\t\t\t<div class=\"elementor-widget-container\">\n\t\t\t\t\t\t\t<p><strong>L\u2019Elogio dedicato ad Andrea Gritti doge di Venezia inciso sull\u2019Arco di Trionfo.<\/strong><\/p><p><strong>Era il 17 luglio quando ci fu la riconquista di Padova sotto la guida sua e sotto l\u2019ombra del Leone. In quell\u2019impresa si contraddistinse\u00a0 il valore anche del padovano Saccardo Soncino, che aveva guidato l\u2019avvicendamento dei carriaggi nella citt\u00e0. Quando la porta stava per essere chiusa, ad arte danneggi\u00f2 la ruota di un carro, impedendo la chiusura del battente; l\u2019attimo fu sufficiente ai Veneziani, che si erano avvicinati di nascosto, per irrompere contro le mura.\u00a0Dei nemici furono uccisi, altri presi prigionieri e il Gritti venne accolto con festa e questo fu per lui motivo di grande soddisfazione, apprendere che della citt\u00e0 era stato nominato nuovamente Podest\u00e0.<\/strong><\/p><p><strong>Ci piace ricordare Andrea Gritti\u00a0 come un uomo di Stato, ambasciatore, comandante dell&#8217;esercito, mercante e amante delle arti e della cultura.\u00a0La presa di Padova del 1509 \u00e8 l&#8217;evento di maggior successo, quello per cui oggi il Gritti viene particolarmente ricordato, ed inoltre questa tappa \u00e8 sia il punto di partenza della rinascita dello Stato lagunare, che l&#8217;inizio dell&#8217;ascesa di Andrea fino al soglio ducale, cosa che lo consacrer\u00e0 come uno dei dogi pi\u00f9 spendenti della storia della Serenissima.<\/strong><\/p><p><strong>Il Gritti\u00a0 a Padova \u00e8 stato il protagonista indiscusso, sia durante i tentativi di conquista, che nell&#8217;organizzazione difensiva in occasione dell&#8217;assedio nemico. Egli lavor\u00f2 per migliorare l\u2019economia e l\u2019intera area amministrativa, oltre che pianificare gli interventi tattici militari per la difesa della citt\u00e0.<\/strong><\/p>\t\t\t\t\t\t<\/div>\n\t\t\t\t<\/div>\n\t\t\t\t\t<\/div>\n\t\t<\/div>\n\t\t\t\t\t<\/div>\n\t\t<\/section>\n\t\t\t\t<section class=\"elementor-section elementor-top-section elementor-element elementor-element-0f0f7ab elementor-section-boxed elementor-section-height-default elementor-section-height-default\" data-id=\"0f0f7ab\" data-element_type=\"section\">\n\t\t\t\t\t\t<div class=\"elementor-container elementor-column-gap-default\">\n\t\t\t\t\t<div class=\"elementor-column elementor-col-100 elementor-top-column elementor-element elementor-element-bdc7022\" data-id=\"bdc7022\" data-element_type=\"column\">\n\t\t\t<div class=\"elementor-widget-wrap\">\n\t\t\t\t\t\t\t<\/div>\n\t\t<\/div>\n\t\t\t\t\t<\/div>\n\t\t<\/section>\n\t\t\t\t<section class=\"elementor-section elementor-top-section elementor-element elementor-element-b5df15d elementor-section-boxed elementor-section-height-default elementor-section-height-default\" data-id=\"b5df15d\" data-element_type=\"section\">\n\t\t\t\t\t\t<div class=\"elementor-container elementor-column-gap-default\">\n\t\t\t\t\t<div class=\"elementor-column elementor-col-100 elementor-top-column elementor-element elementor-element-887c7dd\" data-id=\"887c7dd\" data-element_type=\"column\">\n\t\t\t<div class=\"elementor-widget-wrap elementor-element-populated\">\n\t\t\t\t\t\t<div class=\"elementor-element elementor-element-a33ee17 elementor-widget elementor-widget-text-editor\" data-id=\"a33ee17\" data-element_type=\"widget\" data-widget_type=\"text-editor.default\">\n\t\t\t\t<div class=\"elementor-widget-container\">\n\t\t\t\t\t\t\t<p><strong>Il servizio di apertura alla torre dell\u2019orologio \u00e8 garantito dai volontari di Salvalarte di Legambiente.<\/strong><\/p><p><strong>Per le visite guidate tutti i venerd\u00ec e sabato, massimo 10 persone, partenza dal civico 19 di Piazza Capitaniato alle ore 10:00, 10:30, 11:00 e 11:30 <\/strong><\/p><p><strong>Prenotazione gruppi: salvalarte@legambientepadova.it.<\/strong><\/p><p><strong>\u00a0<\/strong><\/p>\t\t\t\t\t\t<\/div>\n\t\t\t\t<\/div>\n\t\t\t\t\t<\/div>\n\t\t<\/div>\n\t\t\t\t\t<\/div>\n\t\t<\/section>\n\t\t\t\t<section class=\"elementor-section elementor-top-section elementor-element elementor-element-76a13e9 elementor-section-boxed elementor-section-height-default elementor-section-height-default\" data-id=\"76a13e9\" data-element_type=\"section\">\n\t\t\t\t\t\t<div class=\"elementor-container elementor-column-gap-default\">\n\t\t\t\t\t<div class=\"elementor-column elementor-col-100 elementor-top-column elementor-element elementor-element-651b203\" data-id=\"651b203\" data-element_type=\"column\">\n\t\t\t<div class=\"elementor-widget-wrap elementor-element-populated\">\n\t\t\t\t\t\t<div class=\"elementor-element elementor-element-d3a2878 elementor-align-center elementor-widget elementor-widget-button\" data-id=\"d3a2878\" data-element_type=\"widget\" data-widget_type=\"button.default\">\n\t\t\t\t<div class=\"elementor-widget-container\">\n\t\t\t\t\t<div class=\"elementor-button-wrapper\">\n\t\t\t<a class=\"elementor-button elementor-button-link elementor-size-sm\" href=\"https:\/\/padovainfoto.it\/index.php\/palazzo-del-capitanio\/\">\n\t\t\t\t\t\t<span class=\"elementor-button-content-wrapper\">\n\t\t\t\t\t\t\t\t\t<span class=\"elementor-button-text\">Galleria Fotografica<\/span>\n\t\t\t\t\t<\/span>\n\t\t\t\t\t<\/a>\n\t\t<\/div>\n\t\t\t\t<\/div>\n\t\t\t\t<\/div>\n\t\t\t\t\t<\/div>\n\t\t<\/div>\n\t\t\t\t\t<\/div>\n\t\t<\/section>\n\t\t\t\t<\/div>\n\t\t","protected":false},"excerpt":{"rendered":"<p>La Torre dell\u2019Orologio rappresenta uno dei simboli pi\u00f9 antichi dell\u2019epoca Carrarese in Padova. Si erge tra il Palazzo del Capitanio (sinistra) e il Palazzo<\/p>\n","protected":false},"author":23,"featured_media":0,"parent":0,"menu_order":0,"comment_status":"closed","ping_status":"closed","template":"","meta":{"_exactmetrics_skip_tracking":false,"_exactmetrics_sitenote_active":false,"_exactmetrics_sitenote_note":"","_exactmetrics_sitenote_category":0,"footnotes":""},"_links":{"self":[{"href":"https:\/\/padovainfoto.it\/index.php\/wp-json\/wp\/v2\/pages\/11905"}],"collection":[{"href":"https:\/\/padovainfoto.it\/index.php\/wp-json\/wp\/v2\/pages"}],"about":[{"href":"https:\/\/padovainfoto.it\/index.php\/wp-json\/wp\/v2\/types\/page"}],"author":[{"embeddable":true,"href":"https:\/\/padovainfoto.it\/index.php\/wp-json\/wp\/v2\/users\/23"}],"replies":[{"embeddable":true,"href":"https:\/\/padovainfoto.it\/index.php\/wp-json\/wp\/v2\/comments?post=11905"}],"version-history":[{"count":38,"href":"https:\/\/padovainfoto.it\/index.php\/wp-json\/wp\/v2\/pages\/11905\/revisions"}],"predecessor-version":[{"id":12066,"href":"https:\/\/padovainfoto.it\/index.php\/wp-json\/wp\/v2\/pages\/11905\/revisions\/12066"}],"wp:attachment":[{"href":"https:\/\/padovainfoto.it\/index.php\/wp-json\/wp\/v2\/media?parent=11905"}],"curies":[{"name":"wp","href":"https:\/\/api.w.org\/{rel}","templated":true}]}}