{"id":2115,"date":"2021-03-14T22:32:37","date_gmt":"2021-03-14T21:32:37","guid":{"rendered":"https:\/\/padovainfoto.it\/?page_id=2115"},"modified":"2024-07-29T08:24:59","modified_gmt":"2024-07-29T13:24:59","slug":"arco-vallaresso-2","status":"publish","type":"page","link":"https:\/\/padovainfoto.it\/index.php\/arco-vallaresso-2\/","title":{"rendered":"Arco Vallaresso"},"content":{"rendered":"\t\t<div data-elementor-type=\"wp-page\" data-elementor-id=\"2115\" class=\"elementor elementor-2115\">\n\t\t\t\t\t\t<section class=\"elementor-section elementor-top-section elementor-element elementor-element-7edb37b elementor-section-boxed elementor-section-height-default elementor-section-height-default\" data-id=\"7edb37b\" data-element_type=\"section\">\n\t\t\t\t\t\t<div class=\"elementor-container elementor-column-gap-default\">\n\t\t\t\t\t<div class=\"elementor-column elementor-col-50 elementor-top-column elementor-element elementor-element-74974bf\" data-id=\"74974bf\" data-element_type=\"column\">\n\t\t\t<div class=\"elementor-widget-wrap elementor-element-populated\">\n\t\t\t\t\t\t<div class=\"elementor-element elementor-element-f0bbf3c elementor-widget elementor-widget-image\" data-id=\"f0bbf3c\" data-element_type=\"widget\" data-widget_type=\"image.default\">\n\t\t\t\t<div class=\"elementor-widget-container\">\n\t\t\t\t\t\t\t\t\t\t\t\t\t<img fetchpriority=\"high\" decoding=\"async\" width=\"715\" height=\"894\" src=\"https:\/\/padovainfoto.it\/wp-content\/uploads\/2021\/03\/89956851_2629233034021186_6420417077158415745_n1-819x1024.jpg\" class=\"attachment-large size-large wp-image-2111\" alt=\"\" srcset=\"https:\/\/padovainfoto.it\/wp-content\/uploads\/2021\/03\/89956851_2629233034021186_6420417077158415745_n1-819x1024.jpg 819w, https:\/\/padovainfoto.it\/wp-content\/uploads\/2021\/03\/89956851_2629233034021186_6420417077158415745_n1-240x300.jpg 240w, https:\/\/padovainfoto.it\/wp-content\/uploads\/2021\/03\/89956851_2629233034021186_6420417077158415745_n1-768x960.jpg 768w, https:\/\/padovainfoto.it\/wp-content\/uploads\/2021\/03\/89956851_2629233034021186_6420417077158415745_n1.jpg 1080w\" sizes=\"(max-width: 715px) 100vw, 715px\" \/>\t\t\t\t\t\t\t\t\t\t\t\t\t<\/div>\n\t\t\t\t<\/div>\n\t\t\t\t\t<\/div>\n\t\t<\/div>\n\t\t\t\t<div class=\"elementor-column elementor-col-50 elementor-top-column elementor-element elementor-element-6103f4d\" data-id=\"6103f4d\" data-element_type=\"column\">\n\t\t\t<div class=\"elementor-widget-wrap elementor-element-populated\">\n\t\t\t\t\t\t<div class=\"elementor-element elementor-element-0601452 elementor-widget elementor-widget-text-editor\" data-id=\"0601452\" data-element_type=\"widget\" data-widget_type=\"text-editor.default\">\n\t\t\t\t<div class=\"elementor-widget-container\">\n\t\t\t\t\t\t\t<p><strong>L&#8217;Arco Vallaresso sorge in Piazza Duomo, accanto al Palazzo del Monte di Piet\u00e0. Fu costruito da Giovan Battista della Scala nel 1632, per onorare i meriti di Alvise Vallaresso capitano e provveditore di sanit\u00e0 di Padova, come si legge nella grande iscrizione in latino posta in cima all&#8217;arco. Correva l&#8217;anno 1630 quando una terribile epidemia di peste bubbonica infieriva in tutto il nord dell&#8217;Italia, a Padova fu particolarmente virulenta, falciando nell&#8217;arco di pochi mesi la met\u00e0 della popolazione cittadina, cambiando persino la toponomastica come nel caso del quartiere Mortise, dove gli abitanti morirono tutti (da qui il nome Morti I Xe). <\/strong><\/p><p><strong>Nel 1631 il Senato della Repubblica Serenissima nomin\u00f2 Alvise Vallaresso governatore capo della citt\u00e0, il quale con i suoi energici provvedimenti pose argine al flagello che nell&#8217;ottobre stesso cess\u00f2. <\/strong><\/p><p><strong>Affront\u00f2 l&#8217;epidemia con metodi scientifici, incontrando peraltro la resistenza della cittadinanza che non credeva che i metodi adottati fossero efficaci. Vallaresso ordin\u00f2 per prima cosa la quarantena delle persone colpite dalla malattia per minimizzare l&#8217;ulteriore diffusione, ordin\u00f2 il trasferimento dei cimiteri di vittime dell&#8217;epidemia al di l\u00e0 delle mura della citt\u00e0 e viet\u00f2 l\u2019ingresso alle persone se non munito di un certificato attestante che proveniva da luogo non infetto. Nel giro di poco tempo la virulenza della peste spar\u00ec. In suo onore e per riconoscenza la Citt\u00e0 eresse l&#8217;Arco che porta appunto il suo nome.<\/strong><\/p>\t\t\t\t\t\t<\/div>\n\t\t\t\t<\/div>\n\t\t\t\t\t<\/div>\n\t\t<\/div>\n\t\t\t\t\t<\/div>\n\t\t<\/section>\n\t\t\t\t<section class=\"elementor-section elementor-top-section elementor-element elementor-element-081a85e elementor-section-boxed elementor-section-height-default elementor-section-height-default\" data-id=\"081a85e\" data-element_type=\"section\">\n\t\t\t\t\t\t<div class=\"elementor-container elementor-column-gap-default\">\n\t\t\t\t\t<div class=\"elementor-column elementor-col-100 elementor-top-column elementor-element elementor-element-a62aa59\" data-id=\"a62aa59\" data-element_type=\"column\">\n\t\t\t<div class=\"elementor-widget-wrap elementor-element-populated\">\n\t\t\t\t\t\t<div class=\"elementor-element elementor-element-8e6e37c elementor-align-center elementor-widget elementor-widget-button\" data-id=\"8e6e37c\" data-element_type=\"widget\" data-widget_type=\"button.default\">\n\t\t\t\t<div class=\"elementor-widget-container\">\n\t\t\t\t\t<div class=\"elementor-button-wrapper\">\n\t\t\t<a class=\"elementor-button elementor-button-link elementor-size-sm\" href=\"https:\/\/padovainfoto.it\/index.php\/arco-vallaresso\/\">\n\t\t\t\t\t\t<span class=\"elementor-button-content-wrapper\">\n\t\t\t\t\t\t\t\t\t<span class=\"elementor-button-text\">Galleria Fotografica<\/span>\n\t\t\t\t\t<\/span>\n\t\t\t\t\t<\/a>\n\t\t<\/div>\n\t\t\t\t<\/div>\n\t\t\t\t<\/div>\n\t\t\t\t\t<\/div>\n\t\t<\/div>\n\t\t\t\t\t<\/div>\n\t\t<\/section>\n\t\t\t\t<\/div>\n\t\t","protected":false},"excerpt":{"rendered":"<p>L&#8217;Arco Vallaresso sorge in Piazza Duomo, accanto al Palazzo del Monte di Piet\u00e0. Fu costruito da Giovan Battista della Scala nel 1632, per onorare<\/p>\n","protected":false},"author":18,"featured_media":0,"parent":0,"menu_order":0,"comment_status":"closed","ping_status":"closed","template":"","meta":{"_exactmetrics_skip_tracking":false,"_exactmetrics_sitenote_active":false,"_exactmetrics_sitenote_note":"","_exactmetrics_sitenote_category":0,"footnotes":""},"_links":{"self":[{"href":"https:\/\/padovainfoto.it\/index.php\/wp-json\/wp\/v2\/pages\/2115"}],"collection":[{"href":"https:\/\/padovainfoto.it\/index.php\/wp-json\/wp\/v2\/pages"}],"about":[{"href":"https:\/\/padovainfoto.it\/index.php\/wp-json\/wp\/v2\/types\/page"}],"author":[{"embeddable":true,"href":"https:\/\/padovainfoto.it\/index.php\/wp-json\/wp\/v2\/users\/18"}],"replies":[{"embeddable":true,"href":"https:\/\/padovainfoto.it\/index.php\/wp-json\/wp\/v2\/comments?post=2115"}],"version-history":[{"count":50,"href":"https:\/\/padovainfoto.it\/index.php\/wp-json\/wp\/v2\/pages\/2115\/revisions"}],"predecessor-version":[{"id":12060,"href":"https:\/\/padovainfoto.it\/index.php\/wp-json\/wp\/v2\/pages\/2115\/revisions\/12060"}],"wp:attachment":[{"href":"https:\/\/padovainfoto.it\/index.php\/wp-json\/wp\/v2\/media?parent=2115"}],"curies":[{"name":"wp","href":"https:\/\/api.w.org\/{rel}","templated":true}]}}