{"id":643,"date":"2020-12-31T03:53:16","date_gmt":"2020-12-31T02:53:16","guid":{"rendered":"https:\/\/padovainfoto.it\/?page_id=643"},"modified":"2023-04-14T07:45:19","modified_gmt":"2023-04-14T05:45:19","slug":"contatta","status":"publish","type":"page","link":"https:\/\/padovainfoto.it\/index.php\/contatta\/","title":{"rendered":"Contatta"},"content":{"rendered":"\t\t<div data-elementor-type=\"wp-page\" data-elementor-id=\"643\" class=\"elementor elementor-643\">\n\t\t\t\t\t\t<section class=\"elementor-section elementor-top-section elementor-element elementor-element-1b28523b elementor-section-boxed elementor-section-height-default elementor-section-height-default\" data-id=\"1b28523b\" data-element_type=\"section\">\n\t\t\t\t\t\t<div class=\"elementor-container elementor-column-gap-default\">\n\t\t\t\t\t<div class=\"elementor-column elementor-col-100 elementor-top-column elementor-element elementor-element-29cd00b0\" data-id=\"29cd00b0\" data-element_type=\"column\">\n\t\t\t<div class=\"elementor-widget-wrap elementor-element-populated\">\n\t\t\t\t\t\t<div class=\"elementor-element elementor-element-584d6019 elementor-widget elementor-widget-text-editor\" data-id=\"584d6019\" data-element_type=\"widget\" data-widget_type=\"text-editor.default\">\n\t\t\t\t<div class=\"elementor-widget-container\">\n\t\t\t\t\t\t\t<!-- wp:contact-form-7\/contact-form-selector {\"id\":634,\"title\":\"Main\"} -->\n<div class=\"wp-block-contact-form-7-contact-form-selector\">\n<div class=\"wpcf7 no-js\" id=\"wpcf7-f634-o1\" lang=\"it-IT\" dir=\"ltr\">\n<div class=\"screen-reader-response\"><p role=\"status\" aria-live=\"polite\" aria-atomic=\"true\"><\/p> <ul><\/ul><\/div>\n<form action=\"\/index.php\/wp-json\/wp\/v2\/pages\/643#wpcf7-f634-o1\" method=\"post\" class=\"wpcf7-form init\" aria-label=\"Modulo di contatto\" enctype=\"multipart\/form-data\" novalidate=\"novalidate\" data-status=\"init\">\n<div style=\"display: none;\">\n<input type=\"hidden\" name=\"_wpcf7\" value=\"634\" \/>\n<input type=\"hidden\" name=\"_wpcf7_version\" value=\"5.9.6\" \/>\n<input type=\"hidden\" name=\"_wpcf7_locale\" value=\"it_IT\" \/>\n<input type=\"hidden\" name=\"_wpcf7_unit_tag\" value=\"wpcf7-f634-o1\" \/>\n<input type=\"hidden\" name=\"_wpcf7_container_post\" value=\"0\" \/>\n<input type=\"hidden\" name=\"_wpcf7_posted_data_hash\" value=\"\" \/>\n<\/div>\n<p><label> Il tuo nome<br \/>\n<span class=\"wpcf7-form-control-wrap\" data-name=\"your-name\"><input size=\"40\" maxlength=\"80\" class=\"wpcf7-form-control wpcf7-text wpcf7-validates-as-required\" aria-required=\"true\" aria-invalid=\"false\" value=\"\" type=\"text\" name=\"your-name\" \/><\/span> <\/label>\n<\/p>\n<p><label> La tua email<br \/>\n<span class=\"wpcf7-form-control-wrap\" data-name=\"your-email\"><input size=\"40\" maxlength=\"80\" class=\"wpcf7-form-control wpcf7-email wpcf7-validates-as-required wpcf7-text wpcf7-validates-as-email\" aria-required=\"true\" aria-invalid=\"false\" value=\"\" type=\"email\" name=\"your-email\" \/><\/span> <\/label>\n<\/p>\n<p><label> Oggetto<br \/>\n<span class=\"wpcf7-form-control-wrap\" data-name=\"your-subject\"><input size=\"40\" maxlength=\"80\" class=\"wpcf7-form-control wpcf7-text wpcf7-validates-as-required\" aria-required=\"true\" aria-invalid=\"false\" value=\"\" type=\"text\" name=\"your-subject\" \/><\/span> <\/label>\n<\/p>\n<p><label> Il tuo messaggio (facoltativo)<br \/>\n<span class=\"wpcf7-form-control-wrap\" data-name=\"your-message\"><textarea cols=\"40\" rows=\"10\" maxlength=\"400\" class=\"wpcf7-form-control wpcf7-textarea\" aria-invalid=\"false\" name=\"your-message\"><\/textarea><\/span> <\/label>\n<\/p>\n<p><span class=\"wpcf7-form-control-wrap\" data-name=\"file-448\"><input size=\"40\" class=\"wpcf7-form-control wpcf7-file\" accept=\"audio\/*,video\/*,image\/*\" aria-invalid=\"false\" type=\"file\" name=\"file-448\" \/><\/span>\n<\/p>\n<p><input class=\"wpcf7-form-control wpcf7-submit has-spinner\" type=\"submit\" value=\"Invia\" \/>\n<\/p><div class=\"wpcf7-response-output\" aria-hidden=\"true\"><\/div>\n<\/form>\n<\/div>\n<\/div>\n<!-- \/wp:contact-form-7\/contact-form-selector -->\t\t\t\t\t\t<\/div>\n\t\t\t\t<\/div>\n\t\t\t\t\t<\/div>\n\t\t<\/div>\n\t\t\t\t\t<\/div>\n\t\t<\/section>\n\t\t\t\t<section class=\"elementor-section elementor-top-section elementor-element elementor-element-00298d3 elementor-section-boxed elementor-section-height-default elementor-section-height-default\" data-id=\"00298d3\" data-element_type=\"section\">\n\t\t\t\t\t\t<div class=\"elementor-container elementor-column-gap-default\">\n\t\t\t\t\t<div class=\"elementor-column elementor-col-100 elementor-top-column elementor-element elementor-element-c9d066a\" data-id=\"c9d066a\" data-element_type=\"column\">\n\t\t\t<div class=\"elementor-widget-wrap\">\n\t\t\t\t\t\t\t<\/div>\n\t\t<\/div>\n\t\t\t\t\t<\/div>\n\t\t<\/section>\n\t\t\t\t<section class=\"elementor-section elementor-top-section elementor-element elementor-element-c830884 elementor-section-boxed elementor-section-height-default elementor-section-height-default\" data-id=\"c830884\" data-element_type=\"section\">\n\t\t\t\t\t\t<div class=\"elementor-container elementor-column-gap-default\">\n\t\t\t\t\t<div class=\"elementor-column elementor-col-100 elementor-top-column elementor-element elementor-element-22d0a99\" data-id=\"22d0a99\" data-element_type=\"column\">\n\t\t\t<div class=\"elementor-widget-wrap\">\n\t\t\t\t\t\t\t<\/div>\n\t\t<\/div>\n\t\t\t\t\t<\/div>\n\t\t<\/section>\n\t\t\t\t<section class=\"elementor-section elementor-top-section elementor-element elementor-element-5f6bdd8 elementor-section-boxed elementor-section-height-default elementor-section-height-default\" data-id=\"5f6bdd8\" data-element_type=\"section\">\n\t\t\t\t\t\t<div class=\"elementor-container elementor-column-gap-default\">\n\t\t\t\t\t<div class=\"elementor-column elementor-col-100 elementor-top-column elementor-element elementor-element-af496ff\" data-id=\"af496ff\" data-element_type=\"column\">\n\t\t\t<div class=\"elementor-widget-wrap elementor-element-populated\">\n\t\t\t\t\t\t<div class=\"elementor-element elementor-element-990621e elementor-widget elementor-widget-text-editor\" data-id=\"990621e\" data-element_type=\"widget\" data-widget_type=\"text-editor.default\">\n\t\t\t\t<div class=\"elementor-widget-container\">\n\t\t\t\t\t\t\t<p>Ricordiamo ai sensi della legge n. 62 del 07.03.2001 che questo blog culturale non rappresenta una testata giornalistica, n\u00e9 pu\u00f2 ritenersi un prodotto editoriale, ma \u00e8 solo un hobby amatoriale e non ha carattere professionale; inoltre non persegue alcuna finalit\u00e0 economica, neppure nei limiti del rimborso spese e non ha alcuna responsabilit\u00e0 per i siti e i blog condivisi. Inoltre questo sito non rientra nella categoria di &#8220;informazione periodica&#8221; in quanto viene aggiornato ad intervalli non regolari. Alcune immagini pubblicate sui social e parte dei testi utilizzati per i commenti, sono state tratti da Internet e ripubblicati solo a scopo culturale e in buona fede d&#8217;uso. Qualora la loro pubblicazione violasse i diritti d&#8217;autore, potete tempestivamente comunicarcelo inviandoci una mail a <a href=\"mailto:padovainfoto@libero.it\" data-type=\"mailto\" data-id=\"mailto:padovainfoto@libero.it\">padova<\/a><a href=\"mailto:padovainfoto@libero.it\">infoto@libero.it \u00a0\u00a0<\/a><\/p>\n<p>Foto e post verranno immediatamente rimossi.<\/p>\n<h1 style=\"position: absolute; top: -12975px;\">hop over to this web-site <a href=\"https:\/\/replica-watches.icu\/\">https:\/\/replica-watches.icu<\/a>. mens <a href=\"https:\/\/www.watchreplica.cn\/\">https:\/\/www.watchreplica.cn\/<\/a>. 24 Hours Online <a href=\"https:\/\/www.goldreplicashop.com\/\">https:\/\/www.goldreplicashop.com\/<\/a>. why not try these out <a href=\"https:\/\/shopreplicawatches.com\/\">https:\/\/www.shopreplicawatches.com\/<\/a>. 55% off <a href=\"https:\/\/www.baseballwatches.com\/\">1:1 replica watches<\/a>. my explanation <a href=\"https:\/\/www.3domegawatches.com\/\">high quality omega replica watches<\/a>. click for more info <a href=\"https:\/\/www.businessbellross.com\/\">bell and ross fake<\/a>. website here <a href=\"https:\/\/www.carsenedwards.com\/\">https:\/\/carsenedwards.com<\/a>. weblink <a href=\"https:\/\/www.demarjerseys.com\/\">replica DeMar DeRozan jersey<\/a>. Under $100 <a href=\"https:\/\/www.ferryjerseys.com\/\">replica Danny Ferry jersey<\/a>. go to website <a href=\"https:\/\/www.johnjerseys.com\/\">John Collins city jersey<\/a>. 80% off <a href=\"https:\/\/www.porterjerseys.com\/\">Porter jersey<\/a>. click here for info <a href=\"https:\/\/www.ryanjerseys.com\/\">Ryan Arcidiacono jersey<\/a>.<\/h1>\t\t\t\t\t\t<\/div>\n\t\t\t\t<\/div>\n\t\t\t\t\t<\/div>\n\t\t<\/div>\n\t\t\t\t\t<\/div>\n\t\t<\/section>\n\t\t\t\t<\/div>\n\t\t","protected":false},"excerpt":{"rendered":"<p>Ricordiamo ai sensi della legge n. 62 del 07.03.2001 che questo blog culturale non rappresenta una testata giornalistica, n\u00c3\u00a9 pu\u00c3\u00b2 ritenersi un prodotto editoriale,<\/p>\n","protected":false},"author":18,"featured_media":0,"parent":0,"menu_order":0,"comment_status":"closed","ping_status":"closed","template":"","meta":{"_exactmetrics_skip_tracking":false,"_exactmetrics_sitenote_active":false,"_exactmetrics_sitenote_note":"","_exactmetrics_sitenote_category":0,"footnotes":""},"_links":{"self":[{"href":"https:\/\/padovainfoto.it\/index.php\/wp-json\/wp\/v2\/pages\/643"}],"collection":[{"href":"https:\/\/padovainfoto.it\/index.php\/wp-json\/wp\/v2\/pages"}],"about":[{"href":"https:\/\/padovainfoto.it\/index.php\/wp-json\/wp\/v2\/types\/page"}],"author":[{"embeddable":true,"href":"https:\/\/padovainfoto.it\/index.php\/wp-json\/wp\/v2\/users\/18"}],"replies":[{"embeddable":true,"href":"https:\/\/padovainfoto.it\/index.php\/wp-json\/wp\/v2\/comments?post=643"}],"version-history":[{"count":13,"href":"https:\/\/padovainfoto.it\/index.php\/wp-json\/wp\/v2\/pages\/643\/revisions"}],"predecessor-version":[{"id":7076,"href":"https:\/\/padovainfoto.it\/index.php\/wp-json\/wp\/v2\/pages\/643\/revisions\/7076"}],"wp:attachment":[{"href":"https:\/\/padovainfoto.it\/index.php\/wp-json\/wp\/v2\/media?parent=643"}],"curies":[{"name":"wp","href":"https:\/\/api.w.org\/{rel}","templated":true}]}}