{"id":717,"date":"2021-01-06T00:08:35","date_gmt":"2021-01-05T23:08:35","guid":{"rendered":"https:\/\/padovainfoto.it\/?page_id=717"},"modified":"2024-08-03T10:45:24","modified_gmt":"2024-08-03T15:45:24","slug":"villa-molin","status":"publish","type":"page","link":"https:\/\/padovainfoto.it\/index.php\/villa-molin\/","title":{"rendered":"Villa Molin"},"content":{"rendered":"\t\t<div data-elementor-type=\"wp-page\" data-elementor-id=\"717\" class=\"elementor elementor-717\">\n\t\t\t\t\t\t<section class=\"elementor-section elementor-top-section elementor-element elementor-element-a5349a5 elementor-section-boxed elementor-section-height-default elementor-section-height-default\" data-id=\"a5349a5\" data-element_type=\"section\">\n\t\t\t\t\t\t<div class=\"elementor-container elementor-column-gap-default\">\n\t\t\t\t\t<div class=\"elementor-column elementor-col-50 elementor-top-column elementor-element elementor-element-9b1075b\" data-id=\"9b1075b\" data-element_type=\"column\">\n\t\t\t<div class=\"elementor-widget-wrap elementor-element-populated\">\n\t\t\t\t\t\t<div class=\"elementor-element elementor-element-630dbed elementor-widget elementor-widget-image\" data-id=\"630dbed\" data-element_type=\"widget\" data-widget_type=\"image.default\">\n\t\t\t\t<div class=\"elementor-widget-container\">\n\t\t\t\t\t\t\t\t\t\t\t\t\t<img fetchpriority=\"high\" decoding=\"async\" width=\"715\" height=\"715\" src=\"https:\/\/padovainfoto.it\/wp-content\/uploads\/2021\/01\/Maristella-Menin-mariste5-1-1024x1024.jpg\" class=\"attachment-large size-large wp-image-1036\" alt=\"\" srcset=\"https:\/\/padovainfoto.it\/wp-content\/uploads\/2021\/01\/Maristella-Menin-mariste5-1-1024x1024.jpg 1024w, https:\/\/padovainfoto.it\/wp-content\/uploads\/2021\/01\/Maristella-Menin-mariste5-1-300x300.jpg 300w, https:\/\/padovainfoto.it\/wp-content\/uploads\/2021\/01\/Maristella-Menin-mariste5-1-150x150.jpg 150w, https:\/\/padovainfoto.it\/wp-content\/uploads\/2021\/01\/Maristella-Menin-mariste5-1-768x768.jpg 768w, https:\/\/padovainfoto.it\/wp-content\/uploads\/2021\/01\/Maristella-Menin-mariste5-1-215x215.jpg 215w, https:\/\/padovainfoto.it\/wp-content\/uploads\/2021\/01\/Maristella-Menin-mariste5-1.jpg 1080w\" sizes=\"(max-width: 715px) 100vw, 715px\" \/>\t\t\t\t\t\t\t\t\t\t\t\t\t<\/div>\n\t\t\t\t<\/div>\n\t\t\t\t\t<\/div>\n\t\t<\/div>\n\t\t\t\t<div class=\"elementor-column elementor-col-50 elementor-top-column elementor-element elementor-element-97fbf95\" data-id=\"97fbf95\" data-element_type=\"column\">\n\t\t\t<div class=\"elementor-widget-wrap elementor-element-populated\">\n\t\t\t\t\t\t<div class=\"elementor-element elementor-element-ed420c3 elementor-widget elementor-widget-text-editor\" data-id=\"ed420c3\" data-element_type=\"widget\" data-widget_type=\"text-editor.default\">\n\t\t\t\t<div class=\"elementor-widget-container\">\n\t\t\t\t\t\t\t<p><strong>La nobile famiglia Molin \u00e8 stata una delle pi\u00f9 prestigiose della \u201cRepubblica di Venezia\u201d, e molti dei suo componenti ebbero incarichi statali importanti, quindi di conseguenza fecero erigere delle imponenti Ville in tutta la zona di Venezia. Una prestigiosa tenuta \u00e8 stata realizzata anche nel nostro territorio, lungo l\u2019argine del canale \u201cBattaglia\u201d all\u2019interno del quartiere Mandria, dal nobile Nicol\u00f2 Molin (1562 &#8211; 1608).&nbsp;Per rendere omaggio alla propria famiglia, Nicol\u00f2 chiam\u00f2 il pi\u00f9 importante architetto del suo tempo a Venezia: Vincenzo Scamozzi, allora proto della Repubblica e autore delle Procuratie Nuove in Piazza San Marco e continuatore di alcuni progetti di Palladio.&nbsp;<\/strong><\/p>\n<p><strong>La Villa fu progettata nel 1597 con volumi nitidi ed eleganti, con una planimetria dalla straordinaria coerenza geometrica, basata sul quadro che determina sia la forma della villa che della sala centrale.<\/strong><\/p>\n<p><strong>All\u2019interno si possono trovare opere d\u2019arte realizzate in quattro secoli che accompagnano la storia delle pi\u00f9 importanti famiglie nobili di Padova, che nei secoli, tramite matrimoni e passaggi di propriet\u00e0, risiedettero nella villa.&nbsp; Dopo i Molin la villa pass\u00f2 ai Capodilista e quando il ramo della famiglia si estinse, pass\u00f2 ai Conti nel 1672. A loro si devono gli affreschi del salone centrale, come testimoniano gli scudi presenti nella volta del salone.<\/strong><strong style=\"font-size: 14px; color: var( --e-global-color-secondary );\">&nbsp;<\/strong><\/p>\t\t\t\t\t\t<\/div>\n\t\t\t\t<\/div>\n\t\t\t\t\t<\/div>\n\t\t<\/div>\n\t\t\t\t\t<\/div>\n\t\t<\/section>\n\t\t\t\t<section class=\"elementor-section elementor-top-section elementor-element elementor-element-c709029 elementor-section-boxed elementor-section-height-default elementor-section-height-default\" data-id=\"c709029\" data-element_type=\"section\">\n\t\t\t\t\t\t<div class=\"elementor-container elementor-column-gap-default\">\n\t\t\t\t\t<div class=\"elementor-column elementor-col-100 elementor-top-column elementor-element elementor-element-27fdb69\" data-id=\"27fdb69\" data-element_type=\"column\">\n\t\t\t<div class=\"elementor-widget-wrap elementor-element-populated\">\n\t\t\t\t\t\t<div class=\"elementor-element elementor-element-960e72f elementor-widget elementor-widget-text-editor\" data-id=\"960e72f\" data-element_type=\"widget\" data-widget_type=\"text-editor.default\">\n\t\t\t\t<div class=\"elementor-widget-container\">\n\t\t\t\t\t\t\t<p><strong>Nel 1784 fu ospitato il Vescovo di Padova, Carlo Rezzonico, che divenne papa Clemente XIII. Nel 1772 la famiglia Capolista riacquist\u00f2 la villa e realizz\u00f2 gli splendidi stucchi delle sale al primo piano. Tramite passaggi di propriet\u00e0 e matrimoni, pass\u00f2 ai Dondi Orologio. Nel 1918 fu sede di alcuni incontri che portarono all&#8217;armistizio firmato il 3 novembre nella vicina Villa Giusti. Nel 1955 fu acquistata dall&#8217;industriale Igino Kofler, che la riport\u00f2 al suo antico splendore.\u00a0L\u2019esterno \u00e8 composto da un ampio giardino all&#8217;italiana che raccoglie, tra laghetti, ruscelli e ponti, alberi secolari e scorci suggestivi.<\/strong><strong style=\"font-size: 14px; color: var( --e-global-color-secondary );\">\u00a0<\/strong><\/p>\t\t\t\t\t\t<\/div>\n\t\t\t\t<\/div>\n\t\t\t\t\t<\/div>\n\t\t<\/div>\n\t\t\t\t\t<\/div>\n\t\t<\/section>\n\t\t\t\t<section class=\"elementor-section elementor-top-section elementor-element elementor-element-7de5d42 elementor-section-boxed elementor-section-height-default elementor-section-height-default\" data-id=\"7de5d42\" data-element_type=\"section\">\n\t\t\t\t\t\t<div class=\"elementor-container elementor-column-gap-default\">\n\t\t\t\t\t<div class=\"elementor-column elementor-col-25 elementor-top-column elementor-element elementor-element-f2baf40\" data-id=\"f2baf40\" data-element_type=\"column\">\n\t\t\t<div class=\"elementor-widget-wrap elementor-element-populated\">\n\t\t\t\t\t\t<div class=\"elementor-element elementor-element-92bcbe0 elementor-widget elementor-widget-image\" data-id=\"92bcbe0\" data-element_type=\"widget\" data-widget_type=\"image.default\">\n\t\t\t\t<div class=\"elementor-widget-container\">\n\t\t\t\t\t\t\t\t\t\t\t\t\t<img decoding=\"async\" width=\"715\" height=\"894\" src=\"https:\/\/padovainfoto.it\/wp-content\/uploads\/2021\/01\/Gaia-DallOglio-gaia_sgaialand-819x1024.jpg\" class=\"attachment-large size-large wp-image-729\" alt=\"\" srcset=\"https:\/\/padovainfoto.it\/wp-content\/uploads\/2021\/01\/Gaia-DallOglio-gaia_sgaialand-819x1024.jpg 819w, https:\/\/padovainfoto.it\/wp-content\/uploads\/2021\/01\/Gaia-DallOglio-gaia_sgaialand-240x300.jpg 240w, https:\/\/padovainfoto.it\/wp-content\/uploads\/2021\/01\/Gaia-DallOglio-gaia_sgaialand-768x960.jpg 768w, https:\/\/padovainfoto.it\/wp-content\/uploads\/2021\/01\/Gaia-DallOglio-gaia_sgaialand.jpg 1080w\" sizes=\"(max-width: 715px) 100vw, 715px\" \/>\t\t\t\t\t\t\t\t\t\t\t\t\t<\/div>\n\t\t\t\t<\/div>\n\t\t\t\t\t<\/div>\n\t\t<\/div>\n\t\t\t\t<div class=\"elementor-column elementor-col-25 elementor-top-column elementor-element elementor-element-16306ca\" data-id=\"16306ca\" data-element_type=\"column\">\n\t\t\t<div class=\"elementor-widget-wrap elementor-element-populated\">\n\t\t\t\t\t\t<div class=\"elementor-element elementor-element-71b0d66 elementor-widget elementor-widget-image\" data-id=\"71b0d66\" data-element_type=\"widget\" data-widget_type=\"image.default\">\n\t\t\t\t<div class=\"elementor-widget-container\">\n\t\t\t\t\t\t\t\t\t\t\t\t\t<img decoding=\"async\" width=\"715\" height=\"715\" src=\"https:\/\/padovainfoto.it\/wp-content\/uploads\/2021\/06\/Marco-Michele-Rossi-newtone64-45-1024x1024.jpg\" class=\"attachment-large size-large wp-image-2571\" alt=\"\" srcset=\"https:\/\/padovainfoto.it\/wp-content\/uploads\/2021\/06\/Marco-Michele-Rossi-newtone64-45-1024x1024.jpg 1024w, https:\/\/padovainfoto.it\/wp-content\/uploads\/2021\/06\/Marco-Michele-Rossi-newtone64-45-300x300.jpg 300w, https:\/\/padovainfoto.it\/wp-content\/uploads\/2021\/06\/Marco-Michele-Rossi-newtone64-45-150x150.jpg 150w, https:\/\/padovainfoto.it\/wp-content\/uploads\/2021\/06\/Marco-Michele-Rossi-newtone64-45-768x768.jpg 768w, https:\/\/padovainfoto.it\/wp-content\/uploads\/2021\/06\/Marco-Michele-Rossi-newtone64-45-215x215.jpg 215w, https:\/\/padovainfoto.it\/wp-content\/uploads\/2021\/06\/Marco-Michele-Rossi-newtone64-45.jpg 1080w\" sizes=\"(max-width: 715px) 100vw, 715px\" \/>\t\t\t\t\t\t\t\t\t\t\t\t\t<\/div>\n\t\t\t\t<\/div>\n\t\t\t\t\t<\/div>\n\t\t<\/div>\n\t\t\t\t<div class=\"elementor-column elementor-col-25 elementor-top-column elementor-element elementor-element-afc6cef\" data-id=\"afc6cef\" data-element_type=\"column\">\n\t\t\t<div class=\"elementor-widget-wrap elementor-element-populated\">\n\t\t\t\t\t\t<div class=\"elementor-element elementor-element-d62b442 elementor-widget elementor-widget-image\" data-id=\"d62b442\" data-element_type=\"widget\" data-widget_type=\"image.default\">\n\t\t\t\t<div class=\"elementor-widget-container\">\n\t\t\t\t\t\t\t\t\t\t\t\t\t<img loading=\"lazy\" decoding=\"async\" width=\"715\" height=\"715\" src=\"https:\/\/padovainfoto.it\/wp-content\/uploads\/2021\/06\/Marco-Michele-Rossi-newtone_architects-6-1024x1024.jpg\" class=\"attachment-large size-large wp-image-2572\" alt=\"\" srcset=\"https:\/\/padovainfoto.it\/wp-content\/uploads\/2021\/06\/Marco-Michele-Rossi-newtone_architects-6-1024x1024.jpg 1024w, https:\/\/padovainfoto.it\/wp-content\/uploads\/2021\/06\/Marco-Michele-Rossi-newtone_architects-6-300x300.jpg 300w, https:\/\/padovainfoto.it\/wp-content\/uploads\/2021\/06\/Marco-Michele-Rossi-newtone_architects-6-150x150.jpg 150w, https:\/\/padovainfoto.it\/wp-content\/uploads\/2021\/06\/Marco-Michele-Rossi-newtone_architects-6-768x768.jpg 768w, https:\/\/padovainfoto.it\/wp-content\/uploads\/2021\/06\/Marco-Michele-Rossi-newtone_architects-6-215x215.jpg 215w, https:\/\/padovainfoto.it\/wp-content\/uploads\/2021\/06\/Marco-Michele-Rossi-newtone_architects-6.jpg 1080w\" sizes=\"(max-width: 715px) 100vw, 715px\" \/>\t\t\t\t\t\t\t\t\t\t\t\t\t<\/div>\n\t\t\t\t<\/div>\n\t\t\t\t\t<\/div>\n\t\t<\/div>\n\t\t\t\t<div class=\"elementor-column elementor-col-25 elementor-top-column elementor-element elementor-element-18bbb68\" data-id=\"18bbb68\" data-element_type=\"column\">\n\t\t\t<div class=\"elementor-widget-wrap elementor-element-populated\">\n\t\t\t\t\t\t<div class=\"elementor-element elementor-element-5a6df37 elementor-widget elementor-widget-image\" data-id=\"5a6df37\" data-element_type=\"widget\" data-widget_type=\"image.default\">\n\t\t\t\t<div class=\"elementor-widget-container\">\n\t\t\t\t\t\t\t\t\t\t\t\t\t<img loading=\"lazy\" decoding=\"async\" width=\"715\" height=\"715\" src=\"https:\/\/padovainfoto.it\/wp-content\/uploads\/2021\/01\/Francesco-Rado-cescocooper-1-1024x1024.jpg\" class=\"attachment-large size-large wp-image-1069\" alt=\"\" srcset=\"https:\/\/padovainfoto.it\/wp-content\/uploads\/2021\/01\/Francesco-Rado-cescocooper-1-1024x1024.jpg 1024w, https:\/\/padovainfoto.it\/wp-content\/uploads\/2021\/01\/Francesco-Rado-cescocooper-1-300x300.jpg 300w, https:\/\/padovainfoto.it\/wp-content\/uploads\/2021\/01\/Francesco-Rado-cescocooper-1-150x150.jpg 150w, https:\/\/padovainfoto.it\/wp-content\/uploads\/2021\/01\/Francesco-Rado-cescocooper-1-768x768.jpg 768w, https:\/\/padovainfoto.it\/wp-content\/uploads\/2021\/01\/Francesco-Rado-cescocooper-1-215x215.jpg 215w, https:\/\/padovainfoto.it\/wp-content\/uploads\/2021\/01\/Francesco-Rado-cescocooper-1.jpg 1080w\" sizes=\"(max-width: 715px) 100vw, 715px\" \/>\t\t\t\t\t\t\t\t\t\t\t\t\t<\/div>\n\t\t\t\t<\/div>\n\t\t\t\t\t<\/div>\n\t\t<\/div>\n\t\t\t\t\t<\/div>\n\t\t<\/section>\n\t\t\t\t<section class=\"elementor-section elementor-top-section elementor-element elementor-element-14530a9 elementor-section-boxed elementor-section-height-default elementor-section-height-default\" data-id=\"14530a9\" data-element_type=\"section\">\n\t\t\t\t\t\t<div class=\"elementor-container elementor-column-gap-default\">\n\t\t\t\t\t<div class=\"elementor-column elementor-col-100 elementor-top-column elementor-element elementor-element-31ce027\" data-id=\"31ce027\" data-element_type=\"column\">\n\t\t\t<div class=\"elementor-widget-wrap elementor-element-populated\">\n\t\t\t\t\t\t<div class=\"elementor-element elementor-element-d524d5e elementor-widget elementor-widget-text-editor\" data-id=\"d524d5e\" data-element_type=\"widget\" data-widget_type=\"text-editor.default\">\n\t\t\t\t<div class=\"elementor-widget-container\">\n\t\t\t\t\t\t\t<p><strong>Villa Molin &#8211; Via Ponte della Cagna, 106<br \/>35142 Padova ITALY<\/strong><\/p><p><strong>Per visite alla villa\u00a0 \u00a0<img decoding=\"async\" class=\"emoji\" role=\"img\" draggable=\"false\" src=\"https:\/\/s.w.org\/images\/core\/emoji\/13.0.1\/svg\/260e.svg\" alt=\"\u260e\ufe0f\" \/>\u00a0 3332557510<\/strong><\/p>\t\t\t\t\t\t<\/div>\n\t\t\t\t<\/div>\n\t\t\t\t\t<\/div>\n\t\t<\/div>\n\t\t\t\t\t<\/div>\n\t\t<\/section>\n\t\t\t\t<section class=\"elementor-section elementor-top-section elementor-element elementor-element-a9382d2 elementor-section-boxed elementor-section-height-default elementor-section-height-default\" data-id=\"a9382d2\" data-element_type=\"section\">\n\t\t\t\t\t\t<div class=\"elementor-container elementor-column-gap-default\">\n\t\t\t\t\t<div class=\"elementor-column elementor-col-100 elementor-top-column elementor-element elementor-element-fee14aa\" data-id=\"fee14aa\" data-element_type=\"column\">\n\t\t\t<div class=\"elementor-widget-wrap elementor-element-populated\">\n\t\t\t\t\t\t<div class=\"elementor-element elementor-element-070928a elementor-align-center elementor-widget elementor-widget-button\" data-id=\"070928a\" data-element_type=\"widget\" data-widget_type=\"button.default\">\n\t\t\t\t<div class=\"elementor-widget-container\">\n\t\t\t\t\t<div class=\"elementor-button-wrapper\">\n\t\t\t<a class=\"elementor-button elementor-button-link elementor-size-sm\" href=\"https:\/\/padovainfoto.it\/index.php\/villa-molin-2\/\">\n\t\t\t\t\t\t<span class=\"elementor-button-content-wrapper\">\n\t\t\t\t\t\t\t\t\t<span class=\"elementor-button-text\">Galleria Fotografica<\/span>\n\t\t\t\t\t<\/span>\n\t\t\t\t\t<\/a>\n\t\t<\/div>\n\t\t\t\t<\/div>\n\t\t\t\t<\/div>\n\t\t\t\t\t<\/div>\n\t\t<\/div>\n\t\t\t\t\t<\/div>\n\t\t<\/section>\n\t\t\t\t<\/div>\n\t\t","protected":false},"excerpt":{"rendered":"<p>La nobile famiglia Molin \u00e8 stata una delle pi\u00f9 prestigiose della \u201cRepubblica di Venezia\u201d, e molti dei suo componenti ebbero incarichi statali importanti, quindi<\/p>\n","protected":false},"author":18,"featured_media":0,"parent":0,"menu_order":0,"comment_status":"closed","ping_status":"closed","template":"","meta":{"_exactmetrics_skip_tracking":false,"_exactmetrics_sitenote_active":false,"_exactmetrics_sitenote_note":"","_exactmetrics_sitenote_category":0,"footnotes":""},"_links":{"self":[{"href":"https:\/\/padovainfoto.it\/index.php\/wp-json\/wp\/v2\/pages\/717"}],"collection":[{"href":"https:\/\/padovainfoto.it\/index.php\/wp-json\/wp\/v2\/pages"}],"about":[{"href":"https:\/\/padovainfoto.it\/index.php\/wp-json\/wp\/v2\/types\/page"}],"author":[{"embeddable":true,"href":"https:\/\/padovainfoto.it\/index.php\/wp-json\/wp\/v2\/users\/18"}],"replies":[{"embeddable":true,"href":"https:\/\/padovainfoto.it\/index.php\/wp-json\/wp\/v2\/comments?post=717"}],"version-history":[{"count":76,"href":"https:\/\/padovainfoto.it\/index.php\/wp-json\/wp\/v2\/pages\/717\/revisions"}],"predecessor-version":[{"id":12213,"href":"https:\/\/padovainfoto.it\/index.php\/wp-json\/wp\/v2\/pages\/717\/revisions\/12213"}],"wp:attachment":[{"href":"https:\/\/padovainfoto.it\/index.php\/wp-json\/wp\/v2\/media?parent=717"}],"curies":[{"name":"wp","href":"https:\/\/api.w.org\/{rel}","templated":true}]}}